{"id":100,"date":"2020-10-06T20:55:04","date_gmt":"2020-10-06T18:55:04","guid":{"rendered":"https:\/\/die-kinder-villa.de\/?page_id=100"},"modified":"2021-02-28T22:31:32","modified_gmt":"2021-02-28T21:31:32","slug":"unser-alltag","status":"publish","type":"page","link":"https:\/\/die-kinder-villa.de\/index.php\/unser-alltag\/","title":{"rendered":"Unser Alltag"},"content":{"rendered":"<p>[et_pb_section fb_built=&#8220;1&#8243; _builder_version=&#8220;4.6.6&#8243; _module_preset=&#8220;default&#8220; custom_padding=&#8220;20px||20px||false|false&#8220;][et_pb_row _builder_version=&#8220;4.6.6&#8243; _module_preset=&#8220;default&#8220; custom_margin=&#8220;0px||0px||false|false&#8220; custom_padding=&#8220;20px||0px||false|false&#8220;][et_pb_column type=&#8220;4_4&#8243; _builder_version=&#8220;4.6.6&#8243; _module_preset=&#8220;default&#8220;][et_pb_text _builder_version=&#8220;4.9.0&#8243; _module_preset=&#8220;default&#8220; text_font=&#8220;|700|||||||&#8220; text_text_color=&#8220;#353C91&#8243; header_text_color=&#8220;#353C91&#8243; header_2_text_align=&#8220;center&#8220; header_2_text_color=&#8220;#353C91&#8243; header_3_text_color=&#8220;#353C91&#8243; header_4_text_align=&#8220;left&#8220; header_4_text_color=&#8220;#353C91&#8243; header_4_line_height=&#8220;1.4em&#8220; text_orientation=&#8220;center&#8220; custom_padding=&#8220;10px|35px|10px|35px|true|true&#8220; custom_padding_tablet=&#8220;&#8220; custom_padding_phone=&#8220;|15px||15px|true|true&#8220; custom_padding_last_edited=&#8220;on|phone&#8220; hover_enabled=&#8220;0&#8243; header_4_text_align_tablet=&#8220;center&#8220; header_4_text_align_phone=&#8220;&#8220; header_4_text_align_last_edited=&#8220;on|phone&#8220; text_orientation_tablet=&#8220;&#8220; text_orientation_phone=&#8220;&#8220; text_orientation_last_edited=&#8220;on|phone&#8220; sticky_enabled=&#8220;0&#8243;]<\/p>\n<h2>Unser Alltag<\/h2>\n<h4>Das bedeutet f\u00fcr unseren Alltag<br \/>\nWir ern\u00e4hren uns gesund, s\u00e4en und ernten Kr\u00e4uter, bewegen uns viel an frischer Luft, st\u00e4rken unseren K\u00f6rper durch Wasseranwendungen und einen klar strukturierten Tagesablauf.<\/4><\/p>\n<p>Kinder in Kneipp Kinderg\u00e4rten sind seltener krank![\/et_pb_text][\/et_pb_column][\/et_pb_row][et_pb_row column_structure=&#8220;1_2,1_2&#8243; _builder_version=&#8220;4.7.7&#8243; _module_preset=&#8220;default&#8220; background_color=&#8220;#e00735&#8243;][et_pb_column type=&#8220;1_2&#8243; _builder_version=&#8220;4.6.6&#8243; _module_preset=&#8220;default&#8220;][et_pb_image src=&#8220;https:\/\/die-kinder-villa.de\/wp-content\/uploads\/2020\/11\/lernen.jpg&#8220; title_text=&#8220;lernen&#8220; align_phone=&#8220;center&#8220; _builder_version=&#8220;4.8.2&#8243; _module_preset=&#8220;default&#8220; border_radii=&#8220;on|15px|15px|15px|15px&#8220;][\/et_pb_image][\/et_pb_column][et_pb_column type=&#8220;1_2&#8243; _builder_version=&#8220;4.6.6&#8243; _module_preset=&#8220;default&#8220;][et_pb_text _builder_version=&#8220;4.9.0&#8243; _module_preset=&#8220;default&#8220; text_font=&#8220;|700|||||||&#8220; text_text_color=&#8220;#353C91&#8243; text_font_size=&#8220;16px&#8220; header_3_text_color=&#8220;#353C91&#8243; hover_enabled=&#8220;0&#8243; header_3_text_align_tablet=&#8220;center&#8220; header_3_text_align_phone=&#8220;center&#8220; header_3_text_align_last_edited=&#8220;on|tablet&#8220; text_orientation_tablet=&#8220;center&#8220; text_orientation_phone=&#8220;&#8220; text_orientation_last_edited=&#8220;on|desktop&#8220; sticky_enabled=&#8220;0&#8243;]<\/p>\n<h3>Hygiene<\/h3>\n<p>Wir putzen selbstverst\u00e4ndlich jeden Tag die Z\u00e4hne.<\/p>\n<p>[\/et_pb_text][\/et_pb_column][\/et_pb_row][et_pb_row column_structure=&#8220;1_2,1_2&#8243; _builder_version=&#8220;4.7.7&#8243; _module_preset=&#8220;default&#8220; background_color=&#8220;#e00735&#8243;][et_pb_column type=&#8220;1_2&#8243; _builder_version=&#8220;4.6.6&#8243; _module_preset=&#8220;default&#8220;][et_pb_text _builder_version=&#8220;4.9.0&#8243; _module_preset=&#8220;default&#8220; text_text_color=&#8220;#353C91&#8243; text_font_size=&#8220;16px&#8220; header_text_color=&#8220;#353C91&#8243; header_3_text_align=&#8220;left&#8220; header_3_text_color=&#8220;#353C91&#8243; custom_padding=&#8220;|||80px|false|false&#8220; custom_padding_tablet=&#8220;|20px||20px|false|true&#8220; custom_padding_phone=&#8220;|10px||10px|false|true&#8220; custom_padding_last_edited=&#8220;on|phone&#8220; hover_enabled=&#8220;0&#8243; header_3_text_align_tablet=&#8220;center&#8220; header_3_text_align_phone=&#8220;&#8220; header_3_text_align_last_edited=&#8220;on|phone&#8220; text_orientation_tablet=&#8220;center&#8220; text_orientation_phone=&#8220;center&#8220; text_orientation_last_edited=&#8220;on|desktop&#8220; sticky_enabled=&#8220;0&#8243;]<\/p>\n<h3>Ausflug zur Feuerwehr<\/h3>\n<p>Jedes Jahr besuchen wir die Feuerwehr und lernen viel \u00fcber diesen interessanten Beruf.<\/p>\n<p>[\/et_pb_text][\/et_pb_column][et_pb_column type=&#8220;1_2&#8243; _builder_version=&#8220;4.6.6&#8243; _module_preset=&#8220;default&#8220;][et_pb_image src=&#8220;https:\/\/die-kinder-villa.de\/wp-content\/uploads\/2020\/11\/feuerwehr.jpg&#8220; title_text=&#8220;feuerwehr&#8220; align_tablet=&#8220;center&#8220; align_phone=&#8220;center&#8220; _builder_version=&#8220;4.8.2&#8243; _module_preset=&#8220;default&#8220; scroll_horizontal_motion=&#8220;0|51|51|100|4|0|-4&#8243; border_radii=&#8220;on|15px|15px|15px|15px&#8220; border_radii_tablet=&#8220;on|15px|15px|15px|15px&#8220; border_radii_phone=&#8220;&#8220; border_radii_last_edited=&#8220;on|phone&#8220;][\/et_pb_image][\/et_pb_column][\/et_pb_row][et_pb_row column_structure=&#8220;1_2,1_2&#8243; _builder_version=&#8220;4.7.7&#8243; _module_preset=&#8220;default&#8220; background_color=&#8220;#e00735&#8243;][et_pb_column type=&#8220;1_2&#8243; _builder_version=&#8220;4.6.6&#8243; _module_preset=&#8220;default&#8220;][et_pb_image src=&#8220;https:\/\/die-kinder-villa.de\/wp-content\/uploads\/2020\/11\/polizei.jpg&#8220; title_text=&#8220;polizei&#8220; align_tablet=&#8220;center&#8220; align_phone=&#8220;center&#8220; _builder_version=&#8220;4.8.2&#8243; _module_preset=&#8220;default&#8220; border_radii=&#8220;on|15px|15px|15px|15px&#8220; border_radii_tablet=&#8220;&#8220; border_radii_phone=&#8220;&#8220; border_radii_last_edited=&#8220;on|phone&#8220;][\/et_pb_image][\/et_pb_column][et_pb_column type=&#8220;1_2&#8243; _builder_version=&#8220;4.6.6&#8243; _module_preset=&#8220;default&#8220;][et_pb_text _builder_version=&#8220;4.8.2&#8243; _module_preset=&#8220;default&#8220; text_text_color=&#8220;#353C91&#8243; text_font_size=&#8220;16px&#8220; header_3_text_color=&#8220;#353C91&#8243; text_orientation_tablet=&#8220;center&#8220; text_orientation_phone=&#8220;center&#8220; text_orientation_last_edited=&#8220;on|phone&#8220;]<\/p>\n<h3>Die Polizei ist da<\/h3>\n<p>Die Polizei war bei uns und hat uns alles \u00fcber das richtige Verhalten im Stra\u00dfenverkehr erz\u00e4hlt.<\/p>\n<p>[\/et_pb_text][\/et_pb_column][\/et_pb_row][et_pb_row column_structure=&#8220;1_2,1_2&#8243; _builder_version=&#8220;4.7.7&#8243; _module_preset=&#8220;default&#8220; background_color=&#8220;#e00735&#8243;][et_pb_column type=&#8220;1_2&#8243; _builder_version=&#8220;4.6.6&#8243; _module_preset=&#8220;default&#8220;][et_pb_text _builder_version=&#8220;4.8.2&#8243; _module_preset=&#8220;default&#8220; text_text_color=&#8220;#353C91&#8243; text_font_size=&#8220;16px&#8220; header_3_text_align=&#8220;left&#8220; header_3_text_color=&#8220;#353C91&#8243; custom_margin_tablet=&#8220;&#8220; custom_margin_phone=&#8220;&#8220; custom_margin_last_edited=&#8220;on|desktop&#8220; custom_padding=&#8220;|||80px|false|false&#8220; custom_padding_tablet=&#8220;|20px||20px|false|true&#8220; custom_padding_phone=&#8220;|10px||10px|false|true&#8220; custom_padding_last_edited=&#8220;on|phone&#8220; header_text_align_tablet=&#8220;&#8220; header_text_align_phone=&#8220;center&#8220; header_text_align_last_edited=&#8220;on|phone&#8220; header_3_text_align_tablet=&#8220;center&#8220; header_3_text_align_phone=&#8220;center&#8220; header_3_text_align_last_edited=&#8220;on|desktop&#8220; text_orientation_tablet=&#8220;center&#8220; text_orientation_phone=&#8220;&#8220; text_orientation_last_edited=&#8220;on|phone&#8220;]<\/p>\n<h3>Musik<\/h3>\n<p>Wir musizieren gemeinsam jeden Montag.<\/p>\n<p>[\/et_pb_text][\/et_pb_column][et_pb_column type=&#8220;1_2&#8243; _builder_version=&#8220;4.6.6&#8243; _module_preset=&#8220;default&#8220;][et_pb_image src=&#8220;https:\/\/die-kinder-villa.de\/wp-content\/uploads\/2020\/11\/musizieren.jpg&#8220; title_text=&#8220;musizieren&#8220; align_tablet=&#8220;&#8220; align_phone=&#8220;&#8220; align_last_edited=&#8220;on|phone&#8220; _builder_version=&#8220;4.8.2&#8243; _module_preset=&#8220;default&#8220; border_radii=&#8220;on|15px|15px|15px|15px&#8220;][\/et_pb_image][\/et_pb_column][\/et_pb_row][\/et_pb_section]<\/p>\n","protected":false},"excerpt":{"rendered":"<p>Unser Alltag Das bedeutet f\u00fcr unseren Alltag Wir ern\u00e4hren uns gesund, s\u00e4en und ernten Kr\u00e4uter, bewegen uns viel an frischer Luft, st\u00e4rken unseren K\u00f6rper durch Wasseranwendungen und einen klar strukturierten Tagesablauf. Kinder in Kneipp Kinderg\u00e4rten sind seltener krank!Hygiene Wir putzen selbstverst\u00e4ndlich jeden Tag die Z\u00e4hne.Ausflug zur Feuerwehr Jedes Jahr besuchen wir die Feuerwehr und lernen [&hellip;]<\/p>\n","protected":false},"author":1,"featured_media":0,"parent":0,"menu_order":0,"comment_status":"closed","ping_status":"closed","template":"","meta":{"_et_pb_use_builder":"on","_et_pb_old_content":"<!-- wp:divi\/placeholder \/-->","_et_gb_content_width":"","footnotes":""},"class_list":["post-100","page","type-page","status-publish","hentry"],"yoast_head":"<!-- This site is optimized with the Yoast SEO plugin v27.3 - https:\/\/yoast.com\/product\/yoast-seo-wordpress\/ -->\n<title>Unser Alltag - Die Kinder Villa<\/title>\n<meta name=\"robots\" content=\"index, follow, max-snippet:-1, max-image-preview:large, max-video-preview:-1\" \/>\n<link rel=\"canonical\" href=\"https:\/\/die-kinder-villa.de\/index.php\/unser-alltag\/\" \/>\n<meta property=\"og:locale\" content=\"de_DE\" \/>\n<meta property=\"og:type\" content=\"article\" \/>\n<meta property=\"og:title\" content=\"Unser Alltag - Die Kinder Villa\" \/>\n<meta property=\"og:description\" content=\"Unser Alltag Das bedeutet f\u00fcr unseren Alltag Wir ern\u00e4hren uns gesund, s\u00e4en und ernten Kr\u00e4uter, bewegen uns viel an frischer Luft, st\u00e4rken unseren K\u00f6rper durch Wasseranwendungen und einen klar strukturierten Tagesablauf. Kinder in Kneipp Kinderg\u00e4rten sind seltener krank!Hygiene Wir putzen selbstverst\u00e4ndlich jeden Tag die Z\u00e4hne.Ausflug zur Feuerwehr Jedes Jahr besuchen wir die Feuerwehr und lernen [&hellip;]\" \/>\n<meta property=\"og:url\" content=\"https:\/\/die-kinder-villa.de\/index.php\/unser-alltag\/\" \/>\n<meta property=\"og:site_name\" content=\"Die Kinder Villa\" \/>\n<meta property=\"article:modified_time\" content=\"2021-02-28T21:31:32+00:00\" \/>\n<meta name=\"twitter:card\" content=\"summary_large_image\" \/>\n<meta name=\"twitter:label1\" content=\"Gesch\u00e4tzte Lesezeit\" \/>\n\t<meta name=\"twitter:data1\" content=\"4\u00a0Minuten\" \/>\n<script type=\"application\/ld+json\" class=\"yoast-schema-graph\">{\"@context\":\"https:\\\/\\\/schema.org\",\"@graph\":[{\"@type\":\"WebPage\",\"@id\":\"https:\\\/\\\/die-kinder-villa.de\\\/index.php\\\/unser-alltag\\\/\",\"url\":\"https:\\\/\\\/die-kinder-villa.de\\\/index.php\\\/unser-alltag\\\/\",\"name\":\"Unser Alltag - Die Kinder Villa\",\"isPartOf\":{\"@id\":\"https:\\\/\\\/die-kinder-villa.de\\\/#website\"},\"datePublished\":\"2020-10-06T18:55:04+00:00\",\"dateModified\":\"2021-02-28T21:31:32+00:00\",\"breadcrumb\":{\"@id\":\"https:\\\/\\\/die-kinder-villa.de\\\/index.php\\\/unser-alltag\\\/#breadcrumb\"},\"inLanguage\":\"de\",\"potentialAction\":[{\"@type\":\"ReadAction\",\"target\":[\"https:\\\/\\\/die-kinder-villa.de\\\/index.php\\\/unser-alltag\\\/\"]}]},{\"@type\":\"BreadcrumbList\",\"@id\":\"https:\\\/\\\/die-kinder-villa.de\\\/index.php\\\/unser-alltag\\\/#breadcrumb\",\"itemListElement\":[{\"@type\":\"ListItem\",\"position\":1,\"name\":\"Home\",\"item\":\"https:\\\/\\\/die-kinder-villa.de\\\/\"},{\"@type\":\"ListItem\",\"position\":2,\"name\":\"Unser Alltag\"}]},{\"@type\":\"WebSite\",\"@id\":\"https:\\\/\\\/die-kinder-villa.de\\\/#website\",\"url\":\"https:\\\/\\\/die-kinder-villa.de\\\/\",\"name\":\"Die Kinder Villa\",\"description\":\"Ganzheitliche Bildung und spielerisches Lernen\",\"potentialAction\":[{\"@type\":\"SearchAction\",\"target\":{\"@type\":\"EntryPoint\",\"urlTemplate\":\"https:\\\/\\\/die-kinder-villa.de\\\/?s={search_term_string}\"},\"query-input\":{\"@type\":\"PropertyValueSpecification\",\"valueRequired\":true,\"valueName\":\"search_term_string\"}}],\"inLanguage\":\"de\"}]}<\/script>\n<!-- \/ Yoast SEO plugin. -->","yoast_head_json":{"title":"Unser Alltag - Die Kinder Villa","robots":{"index":"index","follow":"follow","max-snippet":"max-snippet:-1","max-image-preview":"max-image-preview:large","max-video-preview":"max-video-preview:-1"},"canonical":"https:\/\/die-kinder-villa.de\/index.php\/unser-alltag\/","og_locale":"de_DE","og_type":"article","og_title":"Unser Alltag - Die Kinder Villa","og_description":"Unser Alltag Das bedeutet f\u00fcr unseren Alltag Wir ern\u00e4hren uns gesund, s\u00e4en und ernten Kr\u00e4uter, bewegen uns viel an frischer Luft, st\u00e4rken unseren K\u00f6rper durch Wasseranwendungen und einen klar strukturierten Tagesablauf. Kinder in Kneipp Kinderg\u00e4rten sind seltener krank!Hygiene Wir putzen selbstverst\u00e4ndlich jeden Tag die Z\u00e4hne.Ausflug zur Feuerwehr Jedes Jahr besuchen wir die Feuerwehr und lernen [&hellip;]","og_url":"https:\/\/die-kinder-villa.de\/index.php\/unser-alltag\/","og_site_name":"Die Kinder Villa","article_modified_time":"2021-02-28T21:31:32+00:00","twitter_card":"summary_large_image","twitter_misc":{"Gesch\u00e4tzte Lesezeit":"4\u00a0Minuten"},"schema":{"@context":"https:\/\/schema.org","@graph":[{"@type":"WebPage","@id":"https:\/\/die-kinder-villa.de\/index.php\/unser-alltag\/","url":"https:\/\/die-kinder-villa.de\/index.php\/unser-alltag\/","name":"Unser Alltag - Die Kinder Villa","isPartOf":{"@id":"https:\/\/die-kinder-villa.de\/#website"},"datePublished":"2020-10-06T18:55:04+00:00","dateModified":"2021-02-28T21:31:32+00:00","breadcrumb":{"@id":"https:\/\/die-kinder-villa.de\/index.php\/unser-alltag\/#breadcrumb"},"inLanguage":"de","potentialAction":[{"@type":"ReadAction","target":["https:\/\/die-kinder-villa.de\/index.php\/unser-alltag\/"]}]},{"@type":"BreadcrumbList","@id":"https:\/\/die-kinder-villa.de\/index.php\/unser-alltag\/#breadcrumb","itemListElement":[{"@type":"ListItem","position":1,"name":"Home","item":"https:\/\/die-kinder-villa.de\/"},{"@type":"ListItem","position":2,"name":"Unser Alltag"}]},{"@type":"WebSite","@id":"https:\/\/die-kinder-villa.de\/#website","url":"https:\/\/die-kinder-villa.de\/","name":"Die Kinder Villa","description":"Ganzheitliche Bildung und spielerisches Lernen","potentialAction":[{"@type":"SearchAction","target":{"@type":"EntryPoint","urlTemplate":"https:\/\/die-kinder-villa.de\/?s={search_term_string}"},"query-input":{"@type":"PropertyValueSpecification","valueRequired":true,"valueName":"search_term_string"}}],"inLanguage":"de"}]}},"_links":{"self":[{"href":"https:\/\/die-kinder-villa.de\/index.php\/wp-json\/wp\/v2\/pages\/100","targetHints":{"allow":["GET"]}}],"collection":[{"href":"https:\/\/die-kinder-villa.de\/index.php\/wp-json\/wp\/v2\/pages"}],"about":[{"href":"https:\/\/die-kinder-villa.de\/index.php\/wp-json\/wp\/v2\/types\/page"}],"author":[{"embeddable":true,"href":"https:\/\/die-kinder-villa.de\/index.php\/wp-json\/wp\/v2\/users\/1"}],"replies":[{"embeddable":true,"href":"https:\/\/die-kinder-villa.de\/index.php\/wp-json\/wp\/v2\/comments?post=100"}],"version-history":[{"count":5,"href":"https:\/\/die-kinder-villa.de\/index.php\/wp-json\/wp\/v2\/pages\/100\/revisions"}],"predecessor-version":[{"id":1374,"href":"https:\/\/die-kinder-villa.de\/index.php\/wp-json\/wp\/v2\/pages\/100\/revisions\/1374"}],"wp:attachment":[{"href":"https:\/\/die-kinder-villa.de\/index.php\/wp-json\/wp\/v2\/media?parent=100"}],"curies":[{"name":"wp","href":"https:\/\/api.w.org\/{rel}","templated":true}]}}