{"id":104,"date":"2020-10-06T20:56:26","date_gmt":"2020-10-06T18:56:26","guid":{"rendered":"https:\/\/die-kinder-villa.de\/?page_id=104"},"modified":"2021-02-28T22:30:21","modified_gmt":"2021-02-28T21:30:21","slug":"unsere-angebote","status":"publish","type":"page","link":"https:\/\/die-kinder-villa.de\/index.php\/unsere-angebote\/","title":{"rendered":"Unsere Angebote"},"content":{"rendered":"<p>[et_pb_section fb_built=&#8220;1&#8243; custom_padding_last_edited=&#8220;on|phone&#8220; _builder_version=&#8220;4.8.2&#8243; _module_preset=&#8220;default&#8220; custom_padding=&#8220;20px||20px||false|false&#8220; custom_padding_tablet=&#8220;&#8220; custom_padding_phone=&#8220;0px||20px||false|false&#8220;][et_pb_row _builder_version=&#8220;4.8.2&#8243; _module_preset=&#8220;default&#8220; background_last_edited=&#8220;on|phone&#8220;][et_pb_column type=&#8220;4_4&#8243; _builder_version=&#8220;4.6.6&#8243; _module_preset=&#8220;default&#8220;][et_pb_text _builder_version=&#8220;4.8.2&#8243; _module_preset=&#8220;default&#8220; header_2_text_align=&#8220;center&#8220; header_2_text_align_tablet=&#8220;center&#8220; header_2_text_align_phone=&#8220;center&#8220; header_2_text_align_last_edited=&#8220;on|desktop&#8220;]<\/p>\n<h2>Unsere Angebote<\/h2>\n<p>[\/et_pb_text][\/et_pb_column][\/et_pb_row][et_pb_row column_structure=&#8220;1_2,1_2&#8243; _builder_version=&#8220;4.8.2&#8243; _module_preset=&#8220;191d06aa-a27b-40d4-ab06-7bb1682ee145&#8243; background_color=&#8220;#F39221&#8243; background_enable_color=&#8220;on&#8220; global_module=&#8220;859&#8243; saved_tabs=&#8220;all&#8220;][et_pb_column type=&#8220;1_2&#8243; _builder_version=&#8220;4.6.6&#8243; _module_preset=&#8220;default&#8220;][et_pb_image src=&#8220;https:\/\/die-kinder-villa.de\/wp-content\/uploads\/2020\/11\/sauna.jpg&#8220; title_text=&#8220;sauna&#8220; align_tablet=&#8220;&#8220; align_phone=&#8220;&#8220; align_last_edited=&#8220;on|phone&#8220; _builder_version=&#8220;4.8.2&#8243; _module_preset=&#8220;default&#8220; border_radii=&#8220;on|15px|15px|15px|15px&#8220;][\/et_pb_image][\/et_pb_column][et_pb_column type=&#8220;1_2&#8243; _builder_version=&#8220;4.6.6&#8243; _module_preset=&#8220;default&#8220;][et_pb_text _builder_version=&#8220;4.9.0&#8243; _module_preset=&#8220;default&#8220; text_font=&#8220;|700|||||||&#8220; header_3_text_align=&#8220;left&#8220; header_3_text_color=&#8220;#353C91&#8243; hover_enabled=&#8220;0&#8243; header_3_text_align_tablet=&#8220;center&#8220; header_3_text_align_phone=&#8220;&#8220; header_3_text_align_last_edited=&#8220;on|phone&#8220; text_orientation_tablet=&#8220;center&#8220; text_orientation_phone=&#8220;center&#8220; text_orientation_last_edited=&#8220;on|phone&#8220; sticky_enabled=&#8220;0&#8243;]<\/p>\n<h3>Sauna<\/h3>\n<p>In den Herbst- und Wintermonaten gehen wir w\u00f6chentlich in die Sauna. Das st\u00e4rkt die Abwehrkr\u00e4fte und h\u00e4lt uns fit.<\/p>\n<p>[\/et_pb_text][\/et_pb_column][\/et_pb_row][et_pb_row column_structure=&#8220;1_2,1_2&#8243; _builder_version=&#8220;4.8.2&#8243; _module_preset=&#8220;default&#8220; background_color=&#8220;#F39221&#8243; background_enable_color=&#8220;on&#8220;][et_pb_column type=&#8220;1_2&#8243; _builder_version=&#8220;4.6.6&#8243; _module_preset=&#8220;default&#8220;][et_pb_text _builder_version=&#8220;4.8.2&#8243; _module_preset=&#8220;default&#8220; text_font=&#8220;|700|||||||&#8220; header_3_text_align=&#8220;left&#8220; header_3_text_color=&#8220;#353C91&#8243; custom_margin=&#8220;|||100px|false|false&#8220; custom_margin_tablet=&#8220;|||0px|false|false&#8220; custom_margin_phone=&#8220;&#8220; custom_margin_last_edited=&#8220;on|phone&#8220; header_3_text_align_tablet=&#8220;center&#8220; header_3_text_align_phone=&#8220;&#8220; header_3_text_align_last_edited=&#8220;on|phone&#8220; text_orientation_tablet=&#8220;center&#8220; text_orientation_phone=&#8220;center&#8220; text_orientation_last_edited=&#8220;on|phone&#8220;]<\/p>\n<h3>Yoga<\/h3>\n<p>Bewegung ist das &#8222;A&#8220; und &#8222;O&#8220;. Durch Yoga werden wir beweglicher und lernen auch uns zu entspannen.<\/p>\n<p>[\/et_pb_text][\/et_pb_column][et_pb_column type=&#8220;1_2&#8243; _builder_version=&#8220;4.6.6&#8243; _module_preset=&#8220;default&#8220;][et_pb_image src=&#8220;https:\/\/die-kinder-villa.de\/wp-content\/uploads\/2020\/11\/yoga.jpg&#8220; title_text=&#8220;yoga&#8220; align_tablet=&#8220;&#8220; align_phone=&#8220;&#8220; align_last_edited=&#8220;on|phone&#8220; _builder_version=&#8220;4.6.6&#8243; _module_preset=&#8220;default&#8220; scroll_horizontal_motion=&#8220;0|51|51|100|4|0|-4&#8243; border_radii=&#8220;on|15px|15px|15px|15px&#8220;][\/et_pb_image][\/et_pb_column][\/et_pb_row][et_pb_row column_structure=&#8220;1_2,1_2&#8243; _builder_version=&#8220;4.8.2&#8243; _module_preset=&#8220;default&#8220; background_color=&#8220;#F39221&#8243; background_enable_color=&#8220;on&#8220;][et_pb_column type=&#8220;1_2&#8243; _builder_version=&#8220;4.6.6&#8243; _module_preset=&#8220;default&#8220;][et_pb_image src=&#8220;https:\/\/die-kinder-villa.de\/wp-content\/uploads\/2020\/11\/wasser.jpg&#8220; title_text=&#8220;wasser&#8220; align_tablet=&#8220;&#8220; align_phone=&#8220;&#8220; align_last_edited=&#8220;on|phone&#8220; _builder_version=&#8220;4.6.6&#8243; _module_preset=&#8220;default&#8220; border_radii=&#8220;on|15px|15px|15px|15px&#8220;][\/et_pb_image][\/et_pb_column][et_pb_column type=&#8220;1_2&#8243; _builder_version=&#8220;4.6.6&#8243; _module_preset=&#8220;default&#8220;][et_pb_text _builder_version=&#8220;4.8.2&#8243; _module_preset=&#8220;default&#8220; text_font=&#8220;|700|||||||&#8220; header_3_text_align=&#8220;left&#8220; header_3_text_color=&#8220;#353C91&#8243; header_3_text_align_tablet=&#8220;center&#8220; header_3_text_align_phone=&#8220;&#8220; header_3_text_align_last_edited=&#8220;on|phone&#8220; text_orientation_tablet=&#8220;center&#8220; text_orientation_phone=&#8220;center&#8220; text_orientation_last_edited=&#8220;on|phone&#8220;]<\/p>\n<h3>Wasseranwendungen nach Kneipp<\/h3>\n<p>Wasseranwendungen sind beruhigend vor dem Schlafen gehen und halten uns fit.<\/p>\n<p>[\/et_pb_text][\/et_pb_column][\/et_pb_row][et_pb_row column_structure=&#8220;1_2,1_2&#8243; _builder_version=&#8220;4.8.2&#8243; _module_preset=&#8220;default&#8220; background_color=&#8220;#F39221&#8243; background_enable_color=&#8220;on&#8220;][et_pb_column type=&#8220;1_2&#8243; _builder_version=&#8220;4.6.6&#8243; _module_preset=&#8220;default&#8220;][et_pb_text _builder_version=&#8220;4.8.2&#8243; _module_preset=&#8220;default&#8220; text_font=&#8220;|700|||||||&#8220; header_3_text_align=&#8220;left&#8220; header_3_text_color=&#8220;#353C91&#8243; custom_margin=&#8220;|||100px|false|false&#8220; custom_margin_tablet=&#8220;|||0px|false|false&#8220; custom_margin_phone=&#8220;&#8220; custom_margin_last_edited=&#8220;on|phone&#8220; header_3_text_align_tablet=&#8220;center&#8220; header_3_text_align_phone=&#8220;&#8220; header_3_text_align_last_edited=&#8220;on|phone&#8220; text_orientation_tablet=&#8220;center&#8220; text_orientation_phone=&#8220;center&#8220; text_orientation_last_edited=&#8220;on|phone&#8220;]<\/p>\n<h3>Br\u00f6tchen backen<\/h3>\n<p>Zweimal im Monat backen wir uns selbst unsere Br\u00f6tchen.<\/p>\n<p>[\/et_pb_text][\/et_pb_column][et_pb_column type=&#8220;1_2&#8243; _builder_version=&#8220;4.6.6&#8243; _module_preset=&#8220;default&#8220;][et_pb_image src=&#8220;https:\/\/die-kinder-villa.de\/wp-content\/uploads\/2020\/11\/brotBacken.jpg&#8220; title_text=&#8220;brotBacken&#8220; align_tablet=&#8220;&#8220; align_phone=&#8220;&#8220; align_last_edited=&#8220;on|phone&#8220; _builder_version=&#8220;4.6.6&#8243; _module_preset=&#8220;default&#8220; border_radii=&#8220;on|15px|15px|15px|15px&#8220;][\/et_pb_image][\/et_pb_column][\/et_pb_row][et_pb_row column_structure=&#8220;1_2,1_2&#8243; _builder_version=&#8220;4.8.2&#8243; _module_preset=&#8220;default&#8220; background_color=&#8220;#F39221&#8243; background_enable_color=&#8220;on&#8220;][et_pb_column type=&#8220;1_2&#8243; _builder_version=&#8220;4.6.6&#8243; _module_preset=&#8220;default&#8220;][et_pb_image src=&#8220;https:\/\/die-kinder-villa.de\/wp-content\/uploads\/2021\/02\/Puppenspiel1.jpg&#8220; title_text=&#8220;Puppenspiel1&#8243; align_tablet=&#8220;&#8220; align_phone=&#8220;&#8220; align_last_edited=&#8220;on|phone&#8220; _builder_version=&#8220;4.9.0&#8243; _module_preset=&#8220;default&#8220; width=&#8220;68%&#8220; border_radii=&#8220;on|15px|15px|15px|15px&#8220;][\/et_pb_image][\/et_pb_column][et_pb_column type=&#8220;1_2&#8243; _builder_version=&#8220;4.6.6&#8243; _module_preset=&#8220;default&#8220;][et_pb_text _builder_version=&#8220;4.8.2&#8243; _module_preset=&#8220;default&#8220; text_font=&#8220;|700|||||||&#8220; header_3_text_align=&#8220;left&#8220; header_3_text_color=&#8220;#353C91&#8243; header_3_text_align_tablet=&#8220;center&#8220; header_3_text_align_phone=&#8220;&#8220; header_3_text_align_last_edited=&#8220;on|phone&#8220; text_orientation_tablet=&#8220;center&#8220; text_orientation_phone=&#8220;center&#8220; text_orientation_last_edited=&#8220;on|phone&#8220;]<\/p>\n<h3>weitere Angebote<\/h3>\n<p>Puppenspiele<br \/>\nHolzarbeiten<br \/>\nArbeiten mit Ton<br \/>\nganzheitliche Vorschulf\u00f6rderung<br \/>\nEnglisch<br \/>\nSport<br \/>\nFasching<br \/>\nund Vieles mehr &#8230;&#8230;<\/p>\n<p>[\/et_pb_text][\/et_pb_column][\/et_pb_row][\/et_pb_section]<\/p>\n","protected":false},"excerpt":{"rendered":"<p>Unsere AngeboteSauna In den Herbst- und Wintermonaten gehen wir w\u00f6chentlich in die Sauna. Das st\u00e4rkt die Abwehrkr\u00e4fte und h\u00e4lt uns fit.Yoga Bewegung ist das &#8222;A&#8220; und &#8222;O&#8220;. Durch Yoga werden wir beweglicher und lernen auch uns zu entspannen.Wasseranwendungen nach Kneipp Wasseranwendungen sind beruhigend vor dem Schlafen gehen und halten uns fit.Br\u00f6tchen backen Zweimal im Monat [&hellip;]<\/p>\n","protected":false},"author":1,"featured_media":0,"parent":0,"menu_order":0,"comment_status":"closed","ping_status":"closed","template":"","meta":{"_et_pb_use_builder":"on","_et_pb_old_content":"<!-- wp:divi\/placeholder \/-->","_et_gb_content_width":"","footnotes":""},"class_list":["post-104","page","type-page","status-publish","hentry"],"yoast_head":"<!-- This site is optimized with the Yoast SEO plugin v27.4 - https:\/\/yoast.com\/product\/yoast-seo-wordpress\/ -->\n<title>Unsere Angebote - Die Kinder Villa<\/title>\n<meta name=\"robots\" content=\"index, follow, max-snippet:-1, max-image-preview:large, max-video-preview:-1\" \/>\n<link rel=\"canonical\" href=\"https:\/\/die-kinder-villa.de\/index.php\/unsere-angebote\/\" \/>\n<meta property=\"og:locale\" content=\"de_DE\" \/>\n<meta property=\"og:type\" content=\"article\" \/>\n<meta property=\"og:title\" content=\"Unsere Angebote - Die Kinder Villa\" \/>\n<meta property=\"og:description\" content=\"Unsere AngeboteSauna In den Herbst- und Wintermonaten gehen wir w\u00f6chentlich in die Sauna. Das st\u00e4rkt die Abwehrkr\u00e4fte und h\u00e4lt uns fit.Yoga Bewegung ist das &quot;A&quot; und &quot;O&quot;. Durch Yoga werden wir beweglicher und lernen auch uns zu entspannen.Wasseranwendungen nach Kneipp Wasseranwendungen sind beruhigend vor dem Schlafen gehen und halten uns fit.Br\u00f6tchen backen Zweimal im Monat [&hellip;]\" \/>\n<meta property=\"og:url\" content=\"https:\/\/die-kinder-villa.de\/index.php\/unsere-angebote\/\" \/>\n<meta property=\"og:site_name\" content=\"Die Kinder Villa\" \/>\n<meta property=\"article:modified_time\" content=\"2021-02-28T21:30:21+00:00\" \/>\n<meta name=\"twitter:card\" content=\"summary_large_image\" \/>\n<meta name=\"twitter:label1\" content=\"Gesch\u00e4tzte Lesezeit\" \/>\n\t<meta name=\"twitter:data1\" content=\"5\u00a0Minuten\" \/>\n<script type=\"application\/ld+json\" class=\"yoast-schema-graph\">{\"@context\":\"https:\\\/\\\/schema.org\",\"@graph\":[{\"@type\":\"WebPage\",\"@id\":\"https:\\\/\\\/die-kinder-villa.de\\\/index.php\\\/unsere-angebote\\\/\",\"url\":\"https:\\\/\\\/die-kinder-villa.de\\\/index.php\\\/unsere-angebote\\\/\",\"name\":\"Unsere Angebote - Die Kinder Villa\",\"isPartOf\":{\"@id\":\"https:\\\/\\\/die-kinder-villa.de\\\/#website\"},\"datePublished\":\"2020-10-06T18:56:26+00:00\",\"dateModified\":\"2021-02-28T21:30:21+00:00\",\"breadcrumb\":{\"@id\":\"https:\\\/\\\/die-kinder-villa.de\\\/index.php\\\/unsere-angebote\\\/#breadcrumb\"},\"inLanguage\":\"de\",\"potentialAction\":[{\"@type\":\"ReadAction\",\"target\":[\"https:\\\/\\\/die-kinder-villa.de\\\/index.php\\\/unsere-angebote\\\/\"]}]},{\"@type\":\"BreadcrumbList\",\"@id\":\"https:\\\/\\\/die-kinder-villa.de\\\/index.php\\\/unsere-angebote\\\/#breadcrumb\",\"itemListElement\":[{\"@type\":\"ListItem\",\"position\":1,\"name\":\"Home\",\"item\":\"https:\\\/\\\/die-kinder-villa.de\\\/\"},{\"@type\":\"ListItem\",\"position\":2,\"name\":\"Unsere Angebote\"}]},{\"@type\":\"WebSite\",\"@id\":\"https:\\\/\\\/die-kinder-villa.de\\\/#website\",\"url\":\"https:\\\/\\\/die-kinder-villa.de\\\/\",\"name\":\"Die Kinder Villa\",\"description\":\"Ganzheitliche Bildung und spielerisches Lernen\",\"potentialAction\":[{\"@type\":\"SearchAction\",\"target\":{\"@type\":\"EntryPoint\",\"urlTemplate\":\"https:\\\/\\\/die-kinder-villa.de\\\/?s={search_term_string}\"},\"query-input\":{\"@type\":\"PropertyValueSpecification\",\"valueRequired\":true,\"valueName\":\"search_term_string\"}}],\"inLanguage\":\"de\"}]}<\/script>\n<!-- \/ Yoast SEO plugin. -->","yoast_head_json":{"title":"Unsere Angebote - Die Kinder Villa","robots":{"index":"index","follow":"follow","max-snippet":"max-snippet:-1","max-image-preview":"max-image-preview:large","max-video-preview":"max-video-preview:-1"},"canonical":"https:\/\/die-kinder-villa.de\/index.php\/unsere-angebote\/","og_locale":"de_DE","og_type":"article","og_title":"Unsere Angebote - Die Kinder Villa","og_description":"Unsere AngeboteSauna In den Herbst- und Wintermonaten gehen wir w\u00f6chentlich in die Sauna. Das st\u00e4rkt die Abwehrkr\u00e4fte und h\u00e4lt uns fit.Yoga Bewegung ist das \"A\" und \"O\". Durch Yoga werden wir beweglicher und lernen auch uns zu entspannen.Wasseranwendungen nach Kneipp Wasseranwendungen sind beruhigend vor dem Schlafen gehen und halten uns fit.Br\u00f6tchen backen Zweimal im Monat [&hellip;]","og_url":"https:\/\/die-kinder-villa.de\/index.php\/unsere-angebote\/","og_site_name":"Die Kinder Villa","article_modified_time":"2021-02-28T21:30:21+00:00","twitter_card":"summary_large_image","twitter_misc":{"Gesch\u00e4tzte Lesezeit":"5\u00a0Minuten"},"schema":{"@context":"https:\/\/schema.org","@graph":[{"@type":"WebPage","@id":"https:\/\/die-kinder-villa.de\/index.php\/unsere-angebote\/","url":"https:\/\/die-kinder-villa.de\/index.php\/unsere-angebote\/","name":"Unsere Angebote - Die Kinder Villa","isPartOf":{"@id":"https:\/\/die-kinder-villa.de\/#website"},"datePublished":"2020-10-06T18:56:26+00:00","dateModified":"2021-02-28T21:30:21+00:00","breadcrumb":{"@id":"https:\/\/die-kinder-villa.de\/index.php\/unsere-angebote\/#breadcrumb"},"inLanguage":"de","potentialAction":[{"@type":"ReadAction","target":["https:\/\/die-kinder-villa.de\/index.php\/unsere-angebote\/"]}]},{"@type":"BreadcrumbList","@id":"https:\/\/die-kinder-villa.de\/index.php\/unsere-angebote\/#breadcrumb","itemListElement":[{"@type":"ListItem","position":1,"name":"Home","item":"https:\/\/die-kinder-villa.de\/"},{"@type":"ListItem","position":2,"name":"Unsere Angebote"}]},{"@type":"WebSite","@id":"https:\/\/die-kinder-villa.de\/#website","url":"https:\/\/die-kinder-villa.de\/","name":"Die Kinder Villa","description":"Ganzheitliche Bildung und spielerisches Lernen","potentialAction":[{"@type":"SearchAction","target":{"@type":"EntryPoint","urlTemplate":"https:\/\/die-kinder-villa.de\/?s={search_term_string}"},"query-input":{"@type":"PropertyValueSpecification","valueRequired":true,"valueName":"search_term_string"}}],"inLanguage":"de"}]}},"_links":{"self":[{"href":"https:\/\/die-kinder-villa.de\/index.php\/wp-json\/wp\/v2\/pages\/104","targetHints":{"allow":["GET"]}}],"collection":[{"href":"https:\/\/die-kinder-villa.de\/index.php\/wp-json\/wp\/v2\/pages"}],"about":[{"href":"https:\/\/die-kinder-villa.de\/index.php\/wp-json\/wp\/v2\/types\/page"}],"author":[{"embeddable":true,"href":"https:\/\/die-kinder-villa.de\/index.php\/wp-json\/wp\/v2\/users\/1"}],"replies":[{"embeddable":true,"href":"https:\/\/die-kinder-villa.de\/index.php\/wp-json\/wp\/v2\/comments?post=104"}],"version-history":[{"count":5,"href":"https:\/\/die-kinder-villa.de\/index.php\/wp-json\/wp\/v2\/pages\/104\/revisions"}],"predecessor-version":[{"id":1372,"href":"https:\/\/die-kinder-villa.de\/index.php\/wp-json\/wp\/v2\/pages\/104\/revisions\/1372"}],"wp:attachment":[{"href":"https:\/\/die-kinder-villa.de\/index.php\/wp-json\/wp\/v2\/media?parent=104"}],"curies":[{"name":"wp","href":"https:\/\/api.w.org\/{rel}","templated":true}]}}